{"id":536,"date":"2023-05-25T00:16:17","date_gmt":"2023-05-24T22:16:17","guid":{"rendered":"https:\/\/embnb.com\/?page_id=536"},"modified":"2023-05-25T00:57:01","modified_gmt":"2023-05-24T22:57:01","slug":"bel-appartement-etrembieres","status":"publish","type":"page","link":"https:\/\/embnb.com\/index.php\/bel-appartement-etrembieres\/","title":{"rendered":"Bel Appartement Etrembi\u00e8res"},"content":{"rendered":"\n<div class=\"wp-block-columns are-vertically-aligned-center is-layout-flex wp-container-core-columns-is-layout-9d6595d7 wp-block-columns-is-layout-flex\">\n<div class=\"wp-block-column is-vertically-aligned-center is-layout-flow wp-block-column-is-layout-flow\">\n<h3 class=\"wp-block-heading has-text-color\" style=\"color:#dd9933\">200 route de Saint-Julien, 74100 Etrembi\u00e8res<\/h3>\n<\/div>\n<\/div>\n\n\n\n<div class=\"wp-block-columns is-layout-flex wp-container-core-columns-is-layout-9d6595d7 wp-block-columns-is-layout-flex\">\n<div class=\"wp-block-column is-layout-flow wp-block-column-is-layout-flow\" style=\"flex-basis:100%\">\n<div class=\"wp-block-nextend-smartslider3\"><\/div>\n<\/div>\n<\/div>\n\n\n\n<div class=\"wp-block-columns is-layout-flex wp-container-core-columns-is-layout-9d6595d7 wp-block-columns-is-layout-flex\">\n<div class=\"wp-block-column is-layout-flow wp-block-column-is-layout-flow\" style=\"flex-basis:100%\">\n<div class=\"wp-block-buttons is-content-justification-center is-layout-flex wp-container-core-buttons-is-layout-16018d1d wp-block-buttons-is-layout-flex\">\n<div class=\"wp-block-button has-custom-width wp-block-button__width-100\" id=\"https:\/\/beds24.com\/booking.php?propid=94641&amp;referer=BookingLink&amp;lang=fr\"><a class=\"wp-block-button__link has-background wp-element-button\" href=\"https:\/\/beds24.com\/booking.php?propid=177797&amp;referer=BookingLink\" style=\"background-color:#dd9933\" target=\"_blank\" rel=\"noreferrer noopener\">R\u00e9server cet appartement <\/a><\/div>\n<\/div>\n<\/div>\n<\/div>\n\n\n\n<hr class=\"wp-block-separator aligncenter has-text-color has-cyan-bluish-gray-color has-alpha-channel-opacity has-cyan-bluish-gray-background-color has-background is-style-wide\"\/>\n\n\n\n<h2 class=\"wp-block-heading has-text-color\" style=\"color:#dd9933\">Description<\/h2>\n\n\n\n<p>Les atouts de cet appartement sont avant tout le Calme et le Confort. Il est compos\u00e9 d&rsquo;une chambre tout confort et d&rsquo;un salon cosy avec son canap\u00e9 convertible, et cuisine tout \u00e9quip\u00e9 . L&rsquo;appartement est id\u00e9alement situ\u00e9 \u00e0 5min en voiture de la fronti\u00e8re de Gen\u00e8ve et \u00e0 2min d&rsquo;un centre commercial. Au pied du mont Sal\u00e8ve, c\u2019est l\u2019emplacement id\u00e9al pour vos vacances ou voyages d\u2019affaire.<br>De plus, il y a des places de parking gratuites \u00e0 disposition et un arr\u00eat de bus \u00e0 proximit\u00e9.<\/p>\n\n\n\n<h3 class=\"wp-block-heading has-text-color\" style=\"color:#dd9933\">Le logement<\/h3>\n\n\n\n<p>Vous serez \u00e0 coup sur s\u00e9duit par notre charmant appartement, il a \u00e9t\u00e9 r\u00e9cemment r\u00e9nov\u00e9 pour votre plus grand confort.<br><br>Id\u00e9alement situ\u00e9 \u00e0 5 min de la fronti\u00e8re de Gen\u00e8ve, le centre ville de Gen\u00e8ve est \u00e0 seulement 15 min en voiture.<br><br>A proximit\u00e9 imm\u00e9diate, vous trouverez un Centre commercial, un Lidl et McDonald&rsquo;s. L&rsquo;appartement est tout proche d&rsquo;Annemasse o\u00f9 vous trouverez \u00e0 la fois tous les commerces et restaurants dont vous pouvez avoir besoin et \u00e9galement des endroits pour vous restaurer.<br><br>Que ce soit pour les loisirs ou vos voyages d\u2019affaire sa situation est donc l\u2019endroit id\u00e9al pour profiter de la r\u00e9gion.<br><br>Il y une station de bus \u00e0 proximit\u00e9 du logement mais il est tout de m\u00eame recommand\u00e9 d&rsquo;\u00eatre v\u00e9hiculer pour profiter au mieux de votre s\u00e9jour.<br><br>Nous avons essay\u00e9 de penser \u00e0 tout pour votre s\u00e9jour.<br><br><strong>Pratique :<br><\/strong><br>\u2013 Avant votre arriv\u00e9e nous vous envoyons notre guide personnel pour pr\u00e9parer au mieux votre visite, il retrace tous les aspects pratiques de votre s\u00e9jour (logement, commerces, bars restaurants\u2026)<br>\u2013 Le livret d&rsquo;accueil \u00e9galement disponible dans le logement<br>\u2013 Arriv\u00e9e flexible \u00e0 partir de 16h<br>\u2013 D\u00e9part avant 11h<br><br><strong>Confort :<br><\/strong><br>\u2013 Place de parking gratuite pour la r\u00e9sidence<br>\u2013 La r\u00e9sidence est s\u00e9curis\u00e9e (acc\u00e8s avec badge pour entr\u00e9e dans l&rsquo;imeuble).<br>\u2013 Cuisine \u00e9quip\u00e9e (Micro-ondes, cafeti\u00e8re, four grill, grille-pain, bouilloire, plaques de cuisson, casseroles, vaisselle\u2026)<br>\u2013 N\u00e9cessaire de toilette , produits de douche, S\u00e8che cheveux.<br>\u2013 Wifi<br>\u2013 Smart TV HD<br>\u2013 Netflix<br>&#8211; Lit double confortable<br>\u2013 Canap\u00e9-lit convertible confortable<br>\u2013 Table de travail<br>&#8211; Table de repas<br>\u2013 Table et fer \u00e0 repasser<\/p>\n\n\n\n<h3 class=\"wp-block-heading has-text-color\" style=\"color:#dd9933\">Acc\u00e8s des voyageurs<\/h3>\n\n\n\n<p>Vous aurez acc\u00e8s \u00e0 tout le logement ainsi qu&rsquo;au parking gratuit pour la r\u00e9sidence.<\/p>\n\n\n\n<h3 class=\"wp-block-heading has-text-color\" style=\"color:#dd9933\">Autres remarques<\/h3>\n\n\n\n<p>Cet appartement peut accueillir jusqu\u2019\u00e0 4 personnes, il y a une chambre avec un grand lit pour 2 personnes et un confortable canap\u00e9-lit convertible dans le salon.<br><br>Nous fournissons les draps, couvertures, serviettes et petit d\u00e9jeuner.<br><br>En prestation suppl\u00e9mentaire , il est possible de vous pr\u00e9parer l\u2019appartement pour un diner romantique ou pour une surprise. N\u2019h\u00e9sitez pas \u00e0 nous faire part de vos envie lors de la r\u00e9servation.<br><br>Vous pouvez nous poser toutes vos questions, je ferai de mon mieux pour y r\u00e9pondre le plus t\u00f4t possible.<\/p>\n\n\n\n<p><\/p>\n\n\n\n<h2 class=\"wp-block-heading has-text-color\" style=\"color:#dd9933\">O\u00f9 se situe le logement<\/h2>\n\n\n\n<div class=\"wp-block-group\"><div class=\"wp-block-group__inner-container is-layout-flow wp-block-group-is-layout-flow\">\t\t<div id=\"wpmapblock_cbabcd9e\" data-settings='{&quot;map_marker&quot;:[{&quot;lat&quot;:&quot;46.179369831521&quot;,&quot;lng&quot;:&quot;6.2272406815828&quot;,&quot;title&quot;:&quot;&quot;,&quot;content&quot;:&quot;200 route de Saint-Julien, Etrembi\\u00e8res, FR&quot;,&quot;iconType&quot;:&quot;default&quot;,&quot;customIconUrl&quot;:&quot;&quot;,&quot;customIconWidth&quot;:&quot;25&quot;,&quot;customIconHeight&quot;:&quot;40&quot;}],&quot;map_zoom&quot;:&quot;11&quot;,&quot;scroll_wheel_zoom&quot;:&quot;1&quot;,&quot;map_type&quot;:&quot;GM&quot;,&quot;center_index&quot;:0}' class=\"wpmapblockrender\" style=\"\n\t\t\twidth: 100%;\n\t\t\theight: 318px;\n\t\t\"><\/div>\n        <\/div><\/div>\n\n\n\n<p>Id\u00e9alement situ\u00e9 \u00e0 5 min de la fronti\u00e8re de Gen\u00e8ve, le centre ville de Gen\u00e8ve est \u00e0 seulement 15 min en voiture.<br><br>A proximit\u00e9 imm\u00e9diate, vous trouverez un Centre commercial, un Lidl et McDonald&rsquo;s. L&rsquo;appartement est tout proche d&rsquo;Annemasse o\u00f9 vous trouverez \u00e0 la fois tous les commerces et restaurants dont vous pouvez avoir besoin et \u00e9galement des endroits pour vous restaurer.<br><br>Vous serez \u00e9galement au pied du Mont Sal\u00e8ve, qui peut \u00eatre mont\u00e9 en voiture ou en t\u00e9l\u00e9ph\u00e9rique, pour contempler une vue magnifique sur tout Gen\u00e8ve.<\/p>\n\n\n\n<h3 class=\"wp-block-heading has-text-color\" style=\"color:#dd9933\">Se d\u00e9placer<\/h3>\n\n\n\n<p><strong>&#8211; En voiture :<br><\/strong><br>L\u2019appartement est tr\u00e8s accessible en voiture, il est \u00e0 la sortie de l&rsquo;autoroute A40 , \u00e0 5 min de la douane de Thonex-Vallard, et vous trouverez de nombreuses places de parking sur place.<br><br><strong>&#8211; En transport public :<br><\/strong><br>Il y a une station de bus \u00e0 proximit\u00e9 qui vous am\u00e8ne \u00e0 la gare d\u2019Annemasse et \u00e0 la douane de Veyrier, \u00e0 partir de l\u00e0, vous pouvez acc\u00e9der au centre-ville de Gen\u00e8ve. Toutefois, l\u2019acc\u00e8s \u00e0 Gen\u00e8ve par les transports publics est plus long.<br><br>De la gare de Cornavin \u00e0 l\u2019appartement, il faut 20 min en voiture et 50 min en transports en commun.<br>De l\u2019a\u00e9roport de Gen\u00e8ve \u00e0 l\u2019appartement, il faut 30 minutes en voiture et 1h30 en transports en commun.<\/p>\n\n\n\n<h2 class=\"wp-block-heading has-text-color\" style=\"color:#dd9933\">Equipements<\/h2>\n\n\n\n<div class=\"wp-block-columns is-layout-flex wp-container-core-columns-is-layout-9d6595d7 wp-block-columns-is-layout-flex\">\n<div class=\"wp-block-column is-layout-flow wp-block-column-is-layout-flow\" style=\"flex-basis:100%\">\n<div class=\"wp-block-group\"><div class=\"wp-block-group__inner-container is-layout-flow wp-block-group-is-layout-flow\">\n<div class=\"wp-block-columns is-layout-flex wp-container-core-columns-is-layout-9d6595d7 wp-block-columns-is-layout-flex\">\n<div class=\"wp-block-column is-layout-flow wp-block-column-is-layout-flow\" style=\"flex-basis:100%\">\n<figure class=\"wp-block-table is-style-regular\"><table class=\"has-black-color has-text-color\"><thead><tr><th class=\"has-text-align-center\" data-align=\"center\">Salle de bain \ud83d\udec1<\/th><th class=\"has-text-align-center\" data-align=\"center\">Chambre<br>\/ Salon<strong> <\/strong>\ud83d\udecc<\/th><th class=\"has-text-align-center\" data-align=\"center\">Cuisine \ud83c\udf7d<\/th><th class=\"has-text-align-center\" data-align=\"center\">Accessibilit\u00e9 \ud83d\ude97<\/th><\/tr><\/thead><tbody><tr><td class=\"has-text-align-center\" data-align=\"center\">Douche privative<\/td><td class=\"has-text-align-center\" data-align=\"center\">Lit Size 140<\/td><td class=\"has-text-align-center\" data-align=\"center\">Plaques de cuisson<\/td><td class=\"has-text-align-center\" data-align=\"center\">Parking gratuit<\/td><\/tr><tr><td class=\"has-text-align-center\" data-align=\"center\">Serviettes<\/td><td class=\"has-text-align-center\" data-align=\"center\">Canap\u00e9-lit 160<\/td><td class=\"has-text-align-center\" data-align=\"center\">Micro-onde<\/td><td class=\"has-text-align-center\" data-align=\"center\">Check-in \u00e0 partir de 16h<\/td><\/tr><tr><td class=\"has-text-align-center\" data-align=\"center\">Gel douche<\/td><td class=\"has-text-align-center\" data-align=\"center\">Armoire<\/td><td class=\"has-text-align-center\" data-align=\"center\">Machine \u00e0 caf\u00e9<\/td><td class=\"has-text-align-center\" data-align=\"center\">Check-out jusqu&rsquo;\u00e0 11h<\/td><\/tr><tr><td class=\"has-text-align-center\" data-align=\"center\">Shampoing<\/td><td class=\"has-text-align-center\" data-align=\"center\">Smart-TV<\/td><td class=\"has-text-align-center\" data-align=\"center\">Bouilloire<\/td><td class=\"has-text-align-center\" data-align=\"center\">Livret d&rsquo;accueil <\/td><\/tr><tr><td class=\"has-text-align-center\" data-align=\"center\">Apr\u00e8s-Shampoing<\/td><td class=\"has-text-align-center\" data-align=\"center\">Draps et housse<\/td><td class=\"has-text-align-center\" data-align=\"center\">Couverts<\/td><td class=\"has-text-align-center\" data-align=\"center\">Arriv\u00e9e autonome<\/td><\/tr><tr><td class=\"has-text-align-center\" data-align=\"center\">S\u00e8che-cheveux<\/td><td class=\"has-text-align-center\" data-align=\"center\">Couette<\/td><td class=\"has-text-align-center\" data-align=\"center\">Sel, poivre, huile<\/td><td class=\"has-text-align-center\" data-align=\"center\">Station de bus \u00e0 proximit\u00e9<\/td><\/tr><tr><td class=\"has-text-align-center\" data-align=\"center\">Lave-linge<\/td><td class=\"has-text-align-center\" data-align=\"center\">Balcon<\/td><td class=\"has-text-align-center\" data-align=\"center\">Caf\u00e9, th\u00e9, biscuit<\/td><td class=\"has-text-align-center\" data-align=\"center\">Autoroutes \u00e0 500m<\/td><\/tr><\/tbody><\/table><\/figure>\n<\/div>\n<\/div>\n<\/div><\/div>\n\n\n\n<h4 class=\"wp-block-heading has-text-align-center\"><strong>Appartement non fumeur \/\/ les animaux sont accept\u00e9s avec un suppl\u00e9ment de 30\u20ac par s\u00e9jour<\/strong><\/h4>\n<\/div>\n<\/div>\n\n\n\n<div class=\"wp-block-buttons is-layout-flex wp-block-buttons-is-layout-flex\">\n<div class=\"wp-block-button has-custom-width wp-block-button__width-100\"><a class=\"wp-block-button__link has-background wp-element-button\" href=\"https:\/\/beds24.com\/booking.php?propid=177797&amp;referer=BookingLink\" style=\"background-color:#dd9933\" target=\"_blank\" rel=\"noreferrer noopener\">V\u00e9rifier les disponibilit\u00e9s pour cet appartement<\/a><\/div>\n<\/div>\n","protected":false},"excerpt":{"rendered":"<p>200 route de Saint-Julien, 74100 Etrembi\u00e8res Description Les atouts de cet appartement sont avant tout le Calme et le Confort. Il est compos\u00e9 d&rsquo;une chambre tout confort et d&rsquo;un salon cosy avec son canap\u00e9 convertible, et cuisine tout \u00e9quip\u00e9 . L&rsquo;appartement est id\u00e9alement situ\u00e9 \u00e0 5min en voiture de la fronti\u00e8re de Gen\u00e8ve et \u00e0 [&hellip;]<\/p>\n","protected":false},"author":4,"featured_media":0,"parent":0,"menu_order":0,"comment_status":"closed","ping_status":"closed","template":"template-fullwidth.php","meta":{"footnotes":""},"class_list":["post-536","page","type-page","status-publish","hentry"],"_links":{"self":[{"href":"https:\/\/embnb.com\/index.php\/wp-json\/wp\/v2\/pages\/536","targetHints":{"allow":["GET"]}}],"collection":[{"href":"https:\/\/embnb.com\/index.php\/wp-json\/wp\/v2\/pages"}],"about":[{"href":"https:\/\/embnb.com\/index.php\/wp-json\/wp\/v2\/types\/page"}],"author":[{"embeddable":true,"href":"https:\/\/embnb.com\/index.php\/wp-json\/wp\/v2\/users\/4"}],"replies":[{"embeddable":true,"href":"https:\/\/embnb.com\/index.php\/wp-json\/wp\/v2\/comments?post=536"}],"version-history":[{"count":6,"href":"https:\/\/embnb.com\/index.php\/wp-json\/wp\/v2\/pages\/536\/revisions"}],"predecessor-version":[{"id":597,"href":"https:\/\/embnb.com\/index.php\/wp-json\/wp\/v2\/pages\/536\/revisions\/597"}],"wp:attachment":[{"href":"https:\/\/embnb.com\/index.php\/wp-json\/wp\/v2\/media?parent=536"}],"curies":[{"name":"wp","href":"https:\/\/api.w.org\/{rel}","templated":true}]}}