{"id":467,"date":"2022-11-27T23:39:18","date_gmt":"2022-11-27T22:39:18","guid":{"rendered":"https:\/\/embnb.com\/?page_id=467"},"modified":"2022-11-27T23:39:19","modified_gmt":"2022-11-27T22:39:19","slug":"charmant-studio-gaillard","status":"publish","type":"page","link":"https:\/\/embnb.com\/index.php\/charmant-studio-gaillard\/","title":{"rendered":"Charmant Studio Gaillard"},"content":{"rendered":"\n<div class=\"wp-block-columns are-vertically-aligned-center is-layout-flex wp-container-core-columns-is-layout-9d6595d7 wp-block-columns-is-layout-flex\">\n<div class=\"wp-block-column is-vertically-aligned-center is-layout-flow wp-block-column-is-layout-flow\">\n<h3 class=\"has-text-color wp-block-heading\" style=\"color:#dd9933\">21 Rue du Lieutenant Yvan G\u00e9not 74240 Gaillard, Rez<\/h3>\n<\/div>\n<\/div>\n\n\n\n<div class=\"wp-block-columns is-layout-flex wp-container-core-columns-is-layout-9d6595d7 wp-block-columns-is-layout-flex\">\n<div class=\"wp-block-column is-layout-flow wp-block-column-is-layout-flow\" style=\"flex-basis:100%\">\n<div class=\"wp-block-nextend-smartslider3\"><\/div>\n<\/div>\n<\/div>\n\n\n\n<div class=\"wp-block-columns is-layout-flex wp-container-core-columns-is-layout-9d6595d7 wp-block-columns-is-layout-flex\">\n<div class=\"wp-block-column is-layout-flow wp-block-column-is-layout-flow\" style=\"flex-basis:100%\">\n<div class=\"wp-block-buttons is-content-justification-center is-layout-flex wp-container-core-buttons-is-layout-16018d1d wp-block-buttons-is-layout-flex\">\n<div class=\"wp-block-button has-custom-width wp-block-button__width-100\"><a class=\"wp-block-button__link has-background wp-element-button\" href=\"https:\/\/beds24.com\/booking.php?propid=168052&amp;referer=BookingLink&amp;lang=fr\" style=\"background-color:#dd9933\" target=\"_blank\" rel=\"noreferrer noopener\">R\u00e9server cet appartement <\/a><\/div>\n<\/div>\n<\/div>\n<\/div>\n\n\n\n<hr class=\"wp-block-separator aligncenter has-text-color has-cyan-bluish-gray-color has-alpha-channel-opacity has-cyan-bluish-gray-background-color has-background is-style-wide\"\/>\n\n\n\n<h2 class=\"has-text-color wp-block-heading\" style=\"color:#dd9933\">Description<\/h2>\n\n\n\n<p>Les atouts de ce charmant studio sont avant tout le Calme et le Confort. Cet appartement est id\u00e9alement situ\u00e9 \u00e0 1 min en voiture de la fronti\u00e8re de Gen\u00e8ve, \u00e0 10 min du centre et \u00e0 5 min d\u2019un centre commercial. <\/p>\n\n\n\n<p>C\u2019est l\u2019emplacement id\u00e9al pour vos vacances ou voyages d\u2019affaire.<\/p>\n\n\n\n<p>De plus, vous trouverez en face de l&rsquo;appartement des places de parking gratuites et un arr\u00eat de bus.<\/p>\n\n\n\n<h3 class=\"has-text-color wp-block-heading\" style=\"color:#dd9933\">Le logement<\/h3>\n\n\n\n<p>Vous serez \u00e0 coup s\u00fbr s\u00e9duit par notre charmant studio.<\/p>\n\n\n\n<p>Id\u00e9alement situ\u00e9 \u00e0 1 min de la fronti\u00e8re de Gen\u00e8ve, le centre-ville de Gen\u00e8ve est \u00e0 seulement 15 min en voiture.<\/p>\n\n\n\n<p>L&rsquo;appartement se trouve sur Gaillard juste en face de la douane de Gen\u00e8ve, vous trouverez \u00e0 proximit\u00e9 \u00e0 la fois tous les commerces et restaurants dont vous pouvez avoir besoin et \u00e9galement des endroits pour vous restaurer. D&rsquo;autre part, Il y une station de bus en face du logement.<\/p>\n\n\n\n<p>Que ce soit pour les loisirs ou vos voyages d\u2019affaire sa situation est donc l\u2019endroit id\u00e9al pour profiter de la r\u00e9gion.<\/p>\n\n\n\n<p>Nous avons essay\u00e9 de penser \u00e0 tout pour votre s\u00e9jour.<\/p>\n\n\n\n<p><strong>Pratique <\/strong>:<\/p>\n\n\n\n<p>\u2013 Avant votre arriv\u00e9e nous vous envoyons notre guide personnel<br>\u2013 Arriv\u00e9e flexible \u00e0 partir de 16 h<br>\u2013 D\u00e9part avant 12h<\/p>\n\n\n\n<p><strong>Confort <\/strong>:<\/p>\n\n\n\n<p>\u2013 Place de parking gratuite pour la r\u00e9sidence<br>\u2013 Cuisine \u00e9quip\u00e9e (Micro-ondes, cafeti\u00e8re, grille-pain, bouilloire, plaques de cuisson, casseroles, vaisselle\u2026)<br>\u2013 N\u00e9cessaire de toilette , produits de douche, S\u00e8che cheveux.<br>\u2013 Wifi<br>\u2013 Smart TV HD<br>\u2013 Netflix<br>\u2013 Canap\u00e9-lit convertible<br>\u2013 Table pour repas ou travail<br>\u2013 Lave-linge et s\u00e8che linge<\/p>\n\n\n\n<h3 class=\"has-text-color wp-block-heading\" style=\"color:#dd9933\">Acc\u00e8s des voyageurs<\/h3>\n\n\n\n<p>Vous aurez acc\u00e8s \u00e0 tout le logement ainsi qu&rsquo;au parking gratuit pour la r\u00e9sidence.<\/p>\n\n\n\n<h3 class=\"has-text-color wp-block-heading\" style=\"color:#dd9933\">Autres remarques<\/h3>\n\n\n\n<p>Cet appartement peut accueillir jusqu\u2019\u00e0 3 personnes gr\u00e2ce au lit simple et au canap\u00e9-lit convertible.<\/p>\n\n\n\n<p>Nous fournissons les draps, couvertures, serviettes et petit d\u00e9jeuner.<\/p>\n\n\n\n<p>Vous pouvez me poser toutes vos questions, je ferai de mon mieux pour y r\u00e9pondre le plus t\u00f4t possible.<\/p>\n\n\n\n<h2 class=\"has-text-color wp-block-heading\" style=\"color:#dd9933\">O\u00f9 se situe le logement<\/h2>\n\n\n\n<div class=\"wp-block-group\"><div class=\"wp-block-group__inner-container is-layout-flow wp-block-group-is-layout-flow\">\t\t<div id=\"wpmapblock_5510e9db\" data-settings='{&quot;map_marker&quot;:[{&quot;lat&quot;:&quot;46.18324661254883&quot;,&quot;lng&quot;:&quot;6.197969913482666&quot;,&quot;title&quot;:&quot;&quot;,&quot;content&quot;:&quot;21 rue du Lieutenant Yvan Genot\\n74240 Gaillard&quot;,&quot;iconType&quot;:&quot;default&quot;,&quot;customIconUrl&quot;:&quot;&quot;,&quot;customIconWidth&quot;:&quot;25&quot;,&quot;customIconHeight&quot;:&quot;40&quot;}],&quot;map_zoom&quot;:&quot;11&quot;,&quot;scroll_wheel_zoom&quot;:&quot;1&quot;,&quot;map_type&quot;:&quot;GM&quot;,&quot;center_index&quot;:0}' class=\"wpmapblockrender\" style=\"\n\t\t\twidth: 100%;\n\t\t\theight: 318px;\n\t\t\"><\/div>\n        <\/div><\/div>\n\n\n\n<p>Id\u00e9alement situ\u00e9 \u00e0 1 min de la fronti\u00e8re de Gen\u00e8ve (douane de Fossard), le centre ville de Gen\u00e8ve est \u00e0 seulement 10 min en voiture.<br><br>A proximit\u00e9 , vous trouverez un Centre commercial (Shopping Etrembi\u00e8res). L&rsquo;appartement se trouve dans la ville de Gaillard o\u00f9 vous trouverez \u00e0 la fois tous les commerces et restaurants dont vous pouvez avoir besoin et \u00e9galement des endroits pour vous restaurer.<br><br>Vous serez \u00e9galement proche du Mont Sal\u00e8ve, qui peut \u00eatre mont\u00e9 en voiture ou en t\u00e9l\u00e9ph\u00e9rique, pour contempler une vue magnifique sur tout Gen\u00e8ve.<\/p>\n\n\n\n<h3 class=\"has-text-color wp-block-heading\" style=\"color:#dd9933\">Se d\u00e9placer<\/h3>\n\n\n\n<p><strong>&#8211; En voiture :<br><\/strong><br>L\u2019appartement est tr\u00e8s accessible en voiture, il est \u00e0 1 min en voiture de la douane de Fossard, vous trouverez de nombreuses places de parking sur place. Il y a un parking gratuit juste en face de l&rsquo;immeuble, et un autre parking pour la r\u00e9sidence derri\u00e8re l&rsquo;immeuble. <br><br><strong>&#8211; En transport public :<br><\/strong><br>Il y a une station de bus en face de l&rsquo;appartement  qui vous am\u00e8ne au centre de Gaillard. Un autre arr\u00eat de bus \u00e0 400m de l&rsquo;appartement vous permet d&rsquo;acc\u00e9der au centre-ville de Gen\u00e8ve. Toutefois, l\u2019acc\u00e8s \u00e0 Gen\u00e8ve par les transports publics est plus long.<br><br>De la gare de Cornavin \u00e0 l\u2019appartement, il faut 12 min en voiture et 33 min en transports en commun.<br>De l\u2019a\u00e9roport de Gen\u00e8ve \u00e0 l\u2019appartement, il faut 25 minutes en voiture et 1h en transports en commun.<\/p>\n\n\n\n<h2 class=\"has-text-color wp-block-heading\" style=\"color:#dd9933\">Equipements<\/h2>\n\n\n\n<div class=\"wp-block-columns is-layout-flex wp-container-core-columns-is-layout-9d6595d7 wp-block-columns-is-layout-flex\">\n<div class=\"wp-block-column is-layout-flow wp-block-column-is-layout-flow\" style=\"flex-basis:100%\">\n<div class=\"wp-block-group\"><div class=\"wp-block-group__inner-container is-layout-flow wp-block-group-is-layout-flow\">\n<div class=\"wp-block-columns is-layout-flex wp-container-core-columns-is-layout-9d6595d7 wp-block-columns-is-layout-flex\">\n<div class=\"wp-block-column is-layout-flow wp-block-column-is-layout-flow\" style=\"flex-basis:100%\">\n<figure class=\"wp-block-table is-style-regular\"><table class=\"has-black-color has-text-color\"><thead><tr><th class=\"has-text-align-center\" data-align=\"center\"><strong>Salle de bain<\/strong> \ud83d\udec1<\/th><th class=\"has-text-align-center\" data-align=\"center\"><strong>Salon<\/strong> \ud83d\udecc<\/th><th class=\"has-text-align-center\" data-align=\"center\"><strong>Cuisine<\/strong> \ud83c\udf7d<\/th><th class=\"has-text-align-center\" data-align=\"center\"><strong>Accessibilit\u00e9<\/strong> \ud83d\ude97<\/th><\/tr><\/thead><tbody><tr><td class=\"has-text-align-center\" data-align=\"center\">Douche privative<\/td><td class=\"has-text-align-center\" data-align=\"center\">Lit simple<\/td><td class=\"has-text-align-center\" data-align=\"center\">Plaques de cuisson<\/td><td class=\"has-text-align-center\" data-align=\"center\">Parking gratuit<\/td><\/tr><tr><td class=\"has-text-align-center\" data-align=\"center\">Serviettes<\/td><td class=\"has-text-align-center\" data-align=\"center\">Canap\u00e9-lit<\/td><td class=\"has-text-align-center\" data-align=\"center\">Micro-onde<\/td><td class=\"has-text-align-center\" data-align=\"center\">Check-in \u00e0 partir de 16h<\/td><\/tr><tr><td class=\"has-text-align-center\" data-align=\"center\">Gel douche<\/td><td class=\"has-text-align-center\" data-align=\"center\">Armoire<\/td><td class=\"has-text-align-center\" data-align=\"center\">Machine \u00e0 caf\u00e9<\/td><td class=\"has-text-align-center\" data-align=\"center\">Check-out jusqu&rsquo;\u00e0 12h<\/td><\/tr><tr><td class=\"has-text-align-center\" data-align=\"center\">Shampoing<\/td><td class=\"has-text-align-center\" data-align=\"center\">Smart-TV<\/td><td class=\"has-text-align-center\" data-align=\"center\">Bouilloire<\/td><td class=\"has-text-align-center\" data-align=\"center\">Livret d&rsquo;accueil <\/td><\/tr><tr><td class=\"has-text-align-center\" data-align=\"center\">Apr\u00e8s-Shampoing<\/td><td class=\"has-text-align-center\" data-align=\"center\">Draps et housse<\/td><td class=\"has-text-align-center\" data-align=\"center\">Couverts<\/td><td class=\"has-text-align-center\" data-align=\"center\">Arriv\u00e9e autonome<\/td><\/tr><tr><td class=\"has-text-align-center\" data-align=\"center\">S\u00e8che-cheveux<\/td><td class=\"has-text-align-center\" data-align=\"center\">Couette<\/td><td class=\"has-text-align-center\" data-align=\"center\">Sel, poivre, huile<\/td><td class=\"has-text-align-center\" data-align=\"center\">Station de bus \u00e0 proximit\u00e9<\/td><\/tr><tr><td class=\"has-text-align-center\" data-align=\"center\">Lave-linge<\/td><td class=\"has-text-align-center\" data-align=\"center\">Vue d\u00e9gag\u00e9e<\/td><td class=\"has-text-align-center\" data-align=\"center\">Caf\u00e9, th\u00e9, biscuit<\/td><td class=\"has-text-align-center\" data-align=\"center\">Douane \u00e0 1 min<\/td><\/tr><\/tbody><\/table><\/figure>\n<\/div>\n<\/div>\n<\/div><\/div>\n\n\n\n<h5 class=\"has-text-align-center wp-block-heading\"><strong>Appartement non fumeur \/\/ les animaux sont accept\u00e9s avec un suppl\u00e9ment de 25\u20ac par s\u00e9jour<\/strong><\/h5>\n<\/div>\n<\/div>\n\n\n\n<div class=\"wp-block-buttons is-layout-flex wp-block-buttons-is-layout-flex\">\n<div class=\"wp-block-button has-custom-width wp-block-button__width-100\"><a class=\"wp-block-button__link has-background wp-element-button\" href=\"https:\/\/beds24.com\/booking.php?propid=168052&amp;referer=BookingLink&amp;lang=fr\" style=\"background-color:#dd9933\" target=\"_blank\" rel=\"noreferrer noopener\">V\u00e9rifier les disponibilit\u00e9s pour cet appartement<\/a><\/div>\n<\/div>\n","protected":false},"excerpt":{"rendered":"<p>21 Rue du Lieutenant Yvan G\u00e9not 74240 Gaillard, Rez Description Les atouts de ce charmant studio sont avant tout le Calme et le Confort. Cet appartement est id\u00e9alement situ\u00e9 \u00e0 1 min en voiture de la fronti\u00e8re de Gen\u00e8ve, \u00e0 10 min du centre et \u00e0 5 min d\u2019un centre commercial. C\u2019est l\u2019emplacement id\u00e9al pour [&hellip;]<\/p>\n","protected":false},"author":4,"featured_media":0,"parent":0,"menu_order":0,"comment_status":"closed","ping_status":"closed","template":"template-fullwidth.php","meta":{"footnotes":""},"class_list":["post-467","page","type-page","status-publish","hentry"],"_links":{"self":[{"href":"https:\/\/embnb.com\/index.php\/wp-json\/wp\/v2\/pages\/467","targetHints":{"allow":["GET"]}}],"collection":[{"href":"https:\/\/embnb.com\/index.php\/wp-json\/wp\/v2\/pages"}],"about":[{"href":"https:\/\/embnb.com\/index.php\/wp-json\/wp\/v2\/types\/page"}],"author":[{"embeddable":true,"href":"https:\/\/embnb.com\/index.php\/wp-json\/wp\/v2\/users\/4"}],"replies":[{"embeddable":true,"href":"https:\/\/embnb.com\/index.php\/wp-json\/wp\/v2\/comments?post=467"}],"version-history":[{"count":1,"href":"https:\/\/embnb.com\/index.php\/wp-json\/wp\/v2\/pages\/467\/revisions"}],"predecessor-version":[{"id":569,"href":"https:\/\/embnb.com\/index.php\/wp-json\/wp\/v2\/pages\/467\/revisions\/569"}],"wp:attachment":[{"href":"https:\/\/embnb.com\/index.php\/wp-json\/wp\/v2\/media?parent=467"}],"curies":[{"name":"wp","href":"https:\/\/api.w.org\/{rel}","templated":true}]}}