{"id":46,"date":"2022-10-23T00:31:26","date_gmt":"2022-10-22T22:31:26","guid":{"rendered":"https:\/\/embnb.com\/?page_id=46"},"modified":"2022-11-17T00:26:59","modified_gmt":"2022-11-16T23:26:59","slug":"superbe-studio-etrembieres-1e","status":"publish","type":"page","link":"https:\/\/embnb.com\/index.php\/superbe-studio-etrembieres-1e\/","title":{"rendered":"Superbe Studio Etrembi\u00e8res"},"content":{"rendered":"\n<div class=\"wp-block-columns are-vertically-aligned-center is-layout-flex wp-container-core-columns-is-layout-9d6595d7 wp-block-columns-is-layout-flex\">\n<div class=\"wp-block-column is-vertically-aligned-center is-layout-flow wp-block-column-is-layout-flow\">\n<h3 class=\"has-text-color wp-block-heading\" style=\"color:#dd9933\">204 route de Saint-Julien, 74100 Etrembi\u00e8res<\/h3>\n<\/div>\n<\/div>\n\n\n\n<div class=\"wp-block-columns is-layout-flex wp-container-core-columns-is-layout-9d6595d7 wp-block-columns-is-layout-flex\">\n<div class=\"wp-block-column is-layout-flow wp-block-column-is-layout-flow\" style=\"flex-basis:100%\">\n<div class=\"wp-block-nextend-smartslider3\"><\/div>\n<\/div>\n<\/div>\n\n\n\n<div class=\"wp-block-columns is-layout-flex wp-container-core-columns-is-layout-9d6595d7 wp-block-columns-is-layout-flex\">\n<div class=\"wp-block-column is-layout-flow wp-block-column-is-layout-flow\" style=\"flex-basis:100%\">\n<div class=\"wp-block-buttons is-content-justification-center is-layout-flex wp-container-core-buttons-is-layout-16018d1d wp-block-buttons-is-layout-flex\">\n<div class=\"wp-block-button has-custom-width wp-block-button__width-100\"><a class=\"wp-block-button__link has-background wp-element-button\" href=\"https:\/\/beds24.com\/booking.php?propid=169761&amp;referer=BookingLink&amp;lang=fr\" style=\"background-color:#dd9933\" target=\"_blank\" rel=\"noreferrer noopener\">R\u00e9server cet appartement <\/a><\/div>\n<\/div>\n<\/div>\n<\/div>\n\n\n\n<hr class=\"wp-block-separator aligncenter has-text-color has-cyan-bluish-gray-color has-alpha-channel-opacity has-cyan-bluish-gray-background-color has-background is-style-wide\"\/>\n\n\n\n<h2 class=\"has-text-color wp-block-heading\" style=\"color:#dd9933\">Description<\/h2>\n\n\n\n<p>Les atouts de ce charmant studio sont avant tout le Calme et le Confort.<br><br>Cet appartement est id\u00e9alement situ\u00e9 \u00e0 5 min en voiture de la fronti\u00e8re de Gen\u00e8ve et \u00e0 2 min d&rsquo;un centre commercial. Au pied du mont Sal\u00e8ve, c\u2019est l\u2019emplacement id\u00e9al pour vos vacances ou voyages d\u2019affaire.<br><br>De plus, vous trouverez en face de l&rsquo;appartement des places de parking gratuit et un arr\u00eat de bus \u00e0 proximit\u00e9.<\/p>\n\n\n\n<h3 class=\"has-text-color wp-block-heading\" style=\"color:#dd9933\">Le logement<\/h3>\n\n\n\n<p>Vous serez \u00e0 coup s\u00fbr s\u00e9duit par notre charmant studio.<br><br>Id\u00e9alement situ\u00e9 \u00e0 5 min de la fronti\u00e8re de Gen\u00e8ve, le centre-ville de Gen\u00e8ve est \u00e0 seulement 15 min en voiture.<br><br>\u00c0 proximit\u00e9 imm\u00e9diate, vous trouverez un Centre commercial, un Lidl et McDonald&rsquo;s. L&rsquo;appartement est tout proche d&rsquo;Annemasse o\u00f9 vous trouverez \u00e0 la fois tous les commerces et restaurants dont vous pouvez avoir besoin et \u00e9galement des endroits pour vous restaurer.<br><br>Que ce soit pour les loisirs ou vos voyages d\u2019affaire sa situation est donc l\u2019endroit id\u00e9al pour profiter de la r\u00e9gion.<br><br>Il y une station de bus \u00e0 proximit\u00e9 du logement mais il&nbsp;&nbsp;est tout de m\u00eame recommand\u00e9 d&rsquo;\u00eatre v\u00e9hiculer pour profiter au mieux de votre s\u00e9jour.<br><br>Nous avons essay\u00e9 de penser \u00e0 tout pour votre s\u00e9jour.<br><br><strong>Pratique :<\/strong><br><br>\u2013 Avant votre arriv\u00e9e nous vous envoyons notre guide personnel pour pr\u00e9parer au mieux votre visite, il retrace tous les aspects pratiques de votre s\u00e9jour (logement, commerces, bars restaurants\u2026)<br>\u2013 Le livret d&rsquo;accueil \u00e9galement disponible dans le logement<br>\u2013 Arriv\u00e9e flexible \u00e0 partir de 16h<br>\u2013 D\u00e9part jusqu\u2019\u00e0 12h<br><br><strong>Confort :<\/strong><br><br>\u2013 Place de parking gratuite pour la r\u00e9sidence<br>\u2013 La r\u00e9sidence est s\u00e9curis\u00e9e (acc\u00e8s avec badge pour entr\u00e9e dans l&rsquo;imeuble).<br>\u2013 Cuisine \u00e9quip\u00e9e (Micro-ondes, cafeti\u00e8re, bouilloire, plaques de cuisson, casseroles, vaisselle\u2026)<br>\u2013 N\u00e9cessaire de toilette , produits de douche, S\u00e8che cheveux.<br>\u2013 Wifi<br>\u2013 Smart TV HD<br>\u2013 Netflix<br>\u2013 Canap\u00e9-lit convertible confortable<br>\u2013 Fauteuil convertible en lit<br>\u2013 Bar pour repas ou travail<br>\u2013 Table et fer \u00e0 repasser<br>\u2013 Lave-linge<\/p>\n\n\n\n<h3 class=\"has-text-color wp-block-heading\" style=\"color:#dd9933\">Acc\u00e8s des voyageurs<\/h3>\n\n\n\n<p>Vous aurez acc\u00e8s \u00e0 tout le logement ainsi qu&rsquo;au parking gratuit pour la r\u00e9sidence.<\/p>\n\n\n\n<h3 class=\"has-text-color wp-block-heading\" style=\"color:#dd9933\">Autres remarques<\/h3>\n\n\n\n<p>Cet appartement peut accueillir jusqu\u2019\u00e0 3 personnes gr\u00e2ce \u00e0 un confortable canap\u00e9-lit convertible dans le salon ainsi qu\u2019un fauteuil convertible en lit.<br><br>Nous fournissons les draps, couvertures, serviettes et petit d\u00e9jeuner.<br><br>Vous pouvez me poser toutes vos questions, je ferai de mon mieux pour y r\u00e9pondre le plus t\u00f4t possible.<\/p>\n\n\n\n<h2 class=\"has-text-color wp-block-heading\" style=\"color:#dd9933\">O\u00f9 se situe le logement<\/h2>\n\n\n\n<div class=\"wp-block-group\"><div class=\"wp-block-group__inner-container is-layout-flow wp-block-group-is-layout-flow\">\t\t<div id=\"wpmapblock_f0807ffc\" data-settings='{&quot;map_marker&quot;:[{&quot;lat&quot;:&quot;46.179369831521&quot;,&quot;lng&quot;:&quot;6.2272406815828&quot;,&quot;title&quot;:&quot;&quot;,&quot;content&quot;:&quot;204 route de Saint-Julien, Etrembi\\u00e8res, FR&quot;,&quot;iconType&quot;:&quot;default&quot;,&quot;customIconUrl&quot;:&quot;&quot;,&quot;customIconWidth&quot;:&quot;25&quot;,&quot;customIconHeight&quot;:&quot;40&quot;}],&quot;map_zoom&quot;:&quot;11&quot;,&quot;scroll_wheel_zoom&quot;:&quot;1&quot;,&quot;map_type&quot;:&quot;GM&quot;,&quot;center_index&quot;:0}' class=\"wpmapblockrender\" style=\"\n\t\t\twidth: 100%;\n\t\t\theight: 318px;\n\t\t\"><\/div>\n        <\/div><\/div>\n\n\n\n<p>Id\u00e9alement situ\u00e9 \u00e0 5 min de la fronti\u00e8re de Gen\u00e8ve, le centre ville de Gen\u00e8ve est \u00e0 seulement 15 min en voiture.<br><br>A proximit\u00e9 imm\u00e9diate, vous trouverez un Centre commercial, un Lidl et McDonald&rsquo;s. L&rsquo;appartement est tout proche d&rsquo;Annemasse o\u00f9 vous trouverez \u00e0 la fois tous les commerces et restaurants dont vous pouvez avoir besoin et \u00e9galement des endroits pour vous restaurer.<br><br>Vous serez \u00e9galement au pied du Mont Sal\u00e8ve, qui peut \u00eatre mont\u00e9 en voiture ou en t\u00e9l\u00e9ph\u00e9rique, pour contempler une vue magnifique sur tout Gen\u00e8ve.<\/p>\n\n\n\n<h3 class=\"has-text-color wp-block-heading\" style=\"color:#dd9933\">Se d\u00e9placer<\/h3>\n\n\n\n<p><strong>&#8211; En voiture :<br><\/strong><br>L\u2019appartement est tr\u00e8s accessible en voiture, il est \u00e0 la sortie de l&rsquo;autoroute A40 , \u00e0 5 min de la douane de Thonex-Vallard, et vous trouverez de nombreuses places de parking sur place.<br><br><strong>&#8211; En transport public :<br><\/strong><br>Il y a une station de bus \u00e0 proximit\u00e9 qui vous am\u00e8ne \u00e0 la gare d\u2019Annemasse et \u00e0 la douane de Veyrier, \u00e0 partir de l\u00e0, vous pouvez acc\u00e9der au centre-ville de Gen\u00e8ve. Toutefois, l\u2019acc\u00e8s \u00e0 Gen\u00e8ve par les transports publics est plus long.<br><br>De la gare de Cornavin \u00e0 l\u2019appartement, il faut 20 min en voiture et 50 min en transports en commun.<br>De l\u2019a\u00e9roport de Gen\u00e8ve \u00e0 l\u2019appartement, il faut 30 minutes en voiture et 1h30 en transports en commun.<\/p>\n\n\n\n<p><\/p>\n\n\n\n<h2 class=\"has-text-color wp-block-heading\" style=\"color:#dd9933\">Equipements<\/h2>\n\n\n\n<div class=\"wp-block-columns is-layout-flex wp-container-core-columns-is-layout-9d6595d7 wp-block-columns-is-layout-flex\">\n<div class=\"wp-block-column is-layout-flow wp-block-column-is-layout-flow\" style=\"flex-basis:100%\">\n<div class=\"wp-block-group\"><div class=\"wp-block-group__inner-container is-layout-flow wp-block-group-is-layout-flow\">\n<div class=\"wp-block-columns is-layout-flex wp-container-core-columns-is-layout-9d6595d7 wp-block-columns-is-layout-flex\">\n<div class=\"wp-block-column is-layout-flow wp-block-column-is-layout-flow\" style=\"flex-basis:100%\">\n<figure class=\"wp-block-table is-style-regular\"><table class=\"has-black-color has-text-color\"><thead><tr><th class=\"has-text-align-center\" data-align=\"center\"><strong>Salle de bain<\/strong> \ud83d\udec1<\/th><th class=\"has-text-align-center\" data-align=\"center\"><strong>Salon<\/strong> \ud83d\udecc<\/th><th class=\"has-text-align-center\" data-align=\"center\"><strong>Cuisine<\/strong> \ud83c\udf7d<\/th><th class=\"has-text-align-center\" data-align=\"center\"><strong>Accessibilit\u00e9<\/strong> \ud83d\ude97<\/th><\/tr><\/thead><tbody><tr><td class=\"has-text-align-center\" data-align=\"center\">Douche privative<\/td><td class=\"has-text-align-center\" data-align=\"center\">Canap\u00e9-lit<\/td><td class=\"has-text-align-center\" data-align=\"center\">Plaques de cuisson<\/td><td class=\"has-text-align-center\" data-align=\"center\">Parking gratuit<\/td><\/tr><tr><td class=\"has-text-align-center\" data-align=\"center\">Serviettes<\/td><td class=\"has-text-align-center\" data-align=\"center\">Fauteuil-lit<\/td><td class=\"has-text-align-center\" data-align=\"center\">Micro-onde<\/td><td class=\"has-text-align-center\" data-align=\"center\">Check-in \u00e0 partir de 16h<\/td><\/tr><tr><td class=\"has-text-align-center\" data-align=\"center\">Gel douche<\/td><td class=\"has-text-align-center\" data-align=\"center\">Armoire<\/td><td class=\"has-text-align-center\" data-align=\"center\">Machine \u00e0 caf\u00e9<\/td><td class=\"has-text-align-center\" data-align=\"center\">Check-out jusqu&rsquo;\u00e0 12h<\/td><\/tr><tr><td class=\"has-text-align-center\" data-align=\"center\">Shampoing<\/td><td class=\"has-text-align-center\" data-align=\"center\">Smart-TV<\/td><td class=\"has-text-align-center\" data-align=\"center\">Bouilloire<\/td><td class=\"has-text-align-center\" data-align=\"center\">Livret d&rsquo;accueil <\/td><\/tr><tr><td class=\"has-text-align-center\" data-align=\"center\">Apr\u00e8s-Shampoing<\/td><td class=\"has-text-align-center\" data-align=\"center\">Draps et housse<\/td><td class=\"has-text-align-center\" data-align=\"center\">Couverts<\/td><td class=\"has-text-align-center\" data-align=\"center\">Arriv\u00e9e autonome<\/td><\/tr><tr><td class=\"has-text-align-center\" data-align=\"center\">S\u00e8che-cheveux<\/td><td class=\"has-text-align-center\" data-align=\"center\">Couette<\/td><td class=\"has-text-align-center\" data-align=\"center\">Sel, poivre, huile<\/td><td class=\"has-text-align-center\" data-align=\"center\">Station de bus \u00e0 proximit\u00e9<\/td><\/tr><tr><td class=\"has-text-align-center\" data-align=\"center\">Lave-linge<\/td><td class=\"has-text-align-center\" data-align=\"center\">Balcon<\/td><td class=\"has-text-align-center\" data-align=\"center\">Caf\u00e9, th\u00e9, biscuit<\/td><td class=\"has-text-align-center\" data-align=\"center\">Autoroutes \u00e0 500m<\/td><\/tr><\/tbody><\/table><\/figure>\n<\/div>\n<\/div>\n<\/div><\/div>\n\n\n\n<h4 class=\"has-text-align-center wp-block-heading\"><strong>Appartement non fumeur \/\/ les animaux sont accept\u00e9s avec un suppl\u00e9ment de 25\u20ac par s\u00e9jour<\/strong><\/h4>\n<\/div>\n<\/div>\n\n\n\n<div class=\"wp-block-buttons is-layout-flex wp-block-buttons-is-layout-flex\">\n<div class=\"wp-block-button has-custom-width wp-block-button__width-100\"><a class=\"wp-block-button__link has-background wp-element-button\" href=\"https:\/\/beds24.com\/booking.php?propid=169761&amp;referer=BookingLink&amp;lang=fr\" style=\"background-color:#dd9933\" target=\"_blank\" rel=\"noreferrer noopener\">V\u00e9rifier les disponibilit\u00e9s pour cet appartement<\/a><\/div>\n<\/div>\n","protected":false},"excerpt":{"rendered":"<p>204 route de Saint-Julien, 74100 Etrembi\u00e8res Description Les atouts de ce charmant studio sont avant tout le Calme et le Confort. Cet appartement est id\u00e9alement situ\u00e9 \u00e0 5 min en voiture de la fronti\u00e8re de Gen\u00e8ve et \u00e0 2 min d&rsquo;un centre commercial. Au pied du mont Sal\u00e8ve, c\u2019est l\u2019emplacement id\u00e9al pour vos vacances ou [&hellip;]<\/p>\n","protected":false},"author":4,"featured_media":0,"parent":0,"menu_order":0,"comment_status":"closed","ping_status":"closed","template":"template-fullwidth.php","meta":{"footnotes":""},"class_list":["post-46","page","type-page","status-publish","hentry"],"_links":{"self":[{"href":"https:\/\/embnb.com\/index.php\/wp-json\/wp\/v2\/pages\/46","targetHints":{"allow":["GET"]}}],"collection":[{"href":"https:\/\/embnb.com\/index.php\/wp-json\/wp\/v2\/pages"}],"about":[{"href":"https:\/\/embnb.com\/index.php\/wp-json\/wp\/v2\/types\/page"}],"author":[{"embeddable":true,"href":"https:\/\/embnb.com\/index.php\/wp-json\/wp\/v2\/users\/4"}],"replies":[{"embeddable":true,"href":"https:\/\/embnb.com\/index.php\/wp-json\/wp\/v2\/comments?post=46"}],"version-history":[{"count":0,"href":"https:\/\/embnb.com\/index.php\/wp-json\/wp\/v2\/pages\/46\/revisions"}],"wp:attachment":[{"href":"https:\/\/embnb.com\/index.php\/wp-json\/wp\/v2\/media?parent=46"}],"curies":[{"name":"wp","href":"https:\/\/api.w.org\/{rel}","templated":true}]}}