{"id":395,"date":"2022-11-13T23:58:57","date_gmt":"2022-11-13T22:58:57","guid":{"rendered":"https:\/\/embnb.com\/?page_id=395"},"modified":"2023-05-25T01:29:56","modified_gmt":"2023-05-24T23:29:56","slug":"appartements","status":"publish","type":"page","link":"https:\/\/embnb.com\/index.php\/appartements\/","title":{"rendered":"Appartements"},"content":{"rendered":"\n<h2 class=\"wp-block-heading has-text-color\" style=\"color:#dd9933\"><a href=\"https:\/\/embnb.com\/index.php\/appartement-design-proche-de-geneve\/\">Appartement Design Etrembi\u00e8res<\/a><\/h2>\n\n\n\n<div class=\"wp-block-nextend-smartslider3\"><\/div>\n\n\n\n<hr class=\"wp-block-separator has-alpha-channel-opacity\"\/>\n\n\n\n<h2 class=\"wp-block-heading\"><a href=\"https:\/\/embnb.com\/index.php\/bel-appartement-etrembieres\/\" data-type=\"URL\" data-id=\"https:\/\/embnb.com\/index.php\/bel-appartement-etrembieres\/\">Bel Appartement Etrembi\u00e8res<\/a><\/h2>\n\n\n\n<div class=\"wp-block-nextend-smartslider3\"><\/div>\n\n\n\n<hr class=\"wp-block-separator has-alpha-channel-opacity\"\/>\n\n\n\n<h2 class=\"wp-block-heading has-text-color\" style=\"color:#dd9933\"><a href=\"https:\/\/embnb.com\/index.php\/magnifique-studio-proche-de-geneve\/\">Magnifique Studio Etrembi\u00e8res<\/a><\/h2>\n\n\n\n<div class=\"wp-block-nextend-smartslider3\"><\/div>\n\n\n\n<hr class=\"wp-block-separator has-alpha-channel-opacity\"\/>\n\n\n\n<h2 class=\"wp-block-heading\"><a href=\"https:\/\/embnb.com\/index.php\/charmant-studio-etrembieres\/\" data-type=\"URL\" data-id=\"https:\/\/embnb.com\/index.php\/charmant-studio-etrembieres\/\">Charmant Studio Etrembi\u00e8res<\/a><\/h2>\n\n\n\n<div class=\"wp-block-nextend-smartslider3\"><\/div>\n\n\n\n<hr class=\"wp-block-separator has-alpha-channel-opacity\"\/>\n\n\n\n<h2 class=\"wp-block-heading has-text-color\" style=\"color:#dd9933\"><a href=\"https:\/\/embnb.com\/index.php\/superbe-studio-etrembieres-1e\/\">Superbe Studio Etrembi\u00e8res<\/a><\/h2>\n\n\n\n<div class=\"wp-block-group\"><div class=\"wp-block-group__inner-container is-layout-constrained wp-block-group-is-layout-constrained\">\n<div class=\"wp-block-nextend-smartslider3\"><\/div>\n<\/div><\/div>\n\n\n\n<hr class=\"wp-block-separator has-alpha-channel-opacity\"\/>\n\n\n\n<h2 class=\"wp-block-heading has-text-color\" style=\"color:#dd9933\"><a href=\"https:\/\/embnb.com\/index.php\/charmant-studio-gaillard\/\">Charmant Studio Gaillard<\/a><\/h2>\n\n\n\n<div class=\"wp-block-nextend-smartslider3\"><\/div>\n","protected":false},"excerpt":{"rendered":"<p>Appartement Design Etrembi\u00e8res Bel Appartement Etrembi\u00e8res Magnifique Studio Etrembi\u00e8res Charmant Studio Etrembi\u00e8res Superbe Studio Etrembi\u00e8res Charmant Studio Gaillard<\/p>\n","protected":false},"author":4,"featured_media":0,"parent":0,"menu_order":0,"comment_status":"closed","ping_status":"closed","template":"template-fullwidth.php","meta":{"footnotes":""},"class_list":["post-395","page","type-page","status-publish","hentry"],"_links":{"self":[{"href":"https:\/\/embnb.com\/index.php\/wp-json\/wp\/v2\/pages\/395","targetHints":{"allow":["GET"]}}],"collection":[{"href":"https:\/\/embnb.com\/index.php\/wp-json\/wp\/v2\/pages"}],"about":[{"href":"https:\/\/embnb.com\/index.php\/wp-json\/wp\/v2\/types\/page"}],"author":[{"embeddable":true,"href":"https:\/\/embnb.com\/index.php\/wp-json\/wp\/v2\/users\/4"}],"replies":[{"embeddable":true,"href":"https:\/\/embnb.com\/index.php\/wp-json\/wp\/v2\/comments?post=395"}],"version-history":[{"count":2,"href":"https:\/\/embnb.com\/index.php\/wp-json\/wp\/v2\/pages\/395\/revisions"}],"predecessor-version":[{"id":601,"href":"https:\/\/embnb.com\/index.php\/wp-json\/wp\/v2\/pages\/395\/revisions\/601"}],"wp:attachment":[{"href":"https:\/\/embnb.com\/index.php\/wp-json\/wp\/v2\/media?parent=395"}],"curies":[{"name":"wp","href":"https:\/\/api.w.org\/{rel}","templated":true}]}}