{"id":2,"date":"2022-10-16T01:50:40","date_gmt":"2022-10-15T23:50:40","guid":{"rendered":"http:\/\/embnb.com\/?page_id=2"},"modified":"2022-11-13T23:33:51","modified_gmt":"2022-11-13T22:33:51","slug":"page-d-exemple","status":"publish","type":"page","link":"https:\/\/embnb.com\/index.php\/page-d-exemple\/","title":{"rendered":"\u00c0 propos"},"content":{"rendered":"\n<div class=\"wp-block-media-text alignwide is-stacked-on-mobile\" style=\"grid-template-columns:17% auto\"><figure class=\"wp-block-media-text__media\"><img loading=\"lazy\" decoding=\"async\" width=\"733\" height=\"732\" src=\"https:\/\/embnb.com\/wp-content\/uploads\/2022\/11\/logo-embnb.png\" alt=\"\" class=\"wp-image-371 size-full\" srcset=\"https:\/\/embnb.com\/wp-content\/uploads\/2022\/11\/logo-embnb.png 733w, https:\/\/embnb.com\/wp-content\/uploads\/2022\/11\/logo-embnb-300x300.png 300w, https:\/\/embnb.com\/wp-content\/uploads\/2022\/11\/logo-embnb-150x150.png 150w\" sizes=\"auto, (max-width: 733px) 100vw, 733px\" \/><\/figure><div class=\"wp-block-media-text__content\">\n<p class=\"has-medium-font-size\">La soci\u00e9t\u00e9 EMbnb a pour but de proposer des biens meubl\u00e9s de grande qualit\u00e9 \u00e0 la fronti\u00e8re de Gen\u00e8ve pour le tourisme et les d\u00e9placements professionnels. EMbnb a \u00e9t\u00e9 fond\u00e9 par Eric et Maria qui pratiquent cette activit\u00e9 depuis 2016. Le nom signifie Eric &amp; Maria bed&rsquo;n&rsquo;breakfast, en effet, nous proposons un service d&rsquo;h\u00f4tellerie avec petit d\u00e9jeuner, serviettes et draps compris. <\/p>\n<\/div><\/div>\n\n\n\n<hr class=\"wp-block-separator has-alpha-channel-opacity\"\/>\n\n\n\n<div class=\"wp-block-media-text alignwide is-stacked-on-mobile\" style=\"grid-template-columns:17% auto\"><figure class=\"wp-block-media-text__media\"><img loading=\"lazy\" decoding=\"async\" width=\"1024\" height=\"1024\" src=\"https:\/\/embnb.com\/wp-content\/uploads\/2022\/11\/photo-pro-Maria-1-1-1024x1024.png\" alt=\"\" class=\"wp-image-382 size-full\" srcset=\"https:\/\/embnb.com\/wp-content\/uploads\/2022\/11\/photo-pro-Maria-1-1.png 1024w, https:\/\/embnb.com\/wp-content\/uploads\/2022\/11\/photo-pro-Maria-1-1-300x300.png 300w, https:\/\/embnb.com\/wp-content\/uploads\/2022\/11\/photo-pro-Maria-1-1-150x150.png 150w, https:\/\/embnb.com\/wp-content\/uploads\/2022\/11\/photo-pro-Maria-1-1-768x768.png 768w\" sizes=\"auto, (max-width: 1024px) 100vw, 1024px\" \/><\/figure><div class=\"wp-block-media-text__content\">\n<p class=\"has-medium-font-size\">Je suis pr\u00e9sidente de EMbnb, responsable de la communication et de la coordination des r\u00e9servations. Avec mon mari, nous ferons notre maximum pour que vous puissiez passer un agr\u00e9able s\u00e9jour et profiter au mieux de la r\u00e9gion.<\/p>\n<\/div><\/div>\n\n\n\n<hr class=\"wp-block-separator has-alpha-channel-opacity\"\/>\n\n\n\n<div class=\"wp-block-media-text alignwide is-stacked-on-mobile\" style=\"grid-template-columns:17% auto\"><figure class=\"wp-block-media-text__media\"><img loading=\"lazy\" decoding=\"async\" width=\"1024\" height=\"1021\" src=\"https:\/\/embnb.com\/wp-content\/uploads\/2022\/11\/photo-pro-Eric-1-2-1024x1021.png\" alt=\"\" class=\"wp-image-390 size-full\" srcset=\"https:\/\/embnb.com\/wp-content\/uploads\/2022\/11\/photo-pro-Eric-1-2-1024x1021.png 1024w, https:\/\/embnb.com\/wp-content\/uploads\/2022\/11\/photo-pro-Eric-1-2-300x300.png 300w, https:\/\/embnb.com\/wp-content\/uploads\/2022\/11\/photo-pro-Eric-1-2-150x150.png 150w, https:\/\/embnb.com\/wp-content\/uploads\/2022\/11\/photo-pro-Eric-1-2-768x766.png 768w, https:\/\/embnb.com\/wp-content\/uploads\/2022\/11\/photo-pro-Eric-1-2.png 1063w\" sizes=\"auto, (max-width: 1024px) 100vw, 1024px\" \/><\/figure><div class=\"wp-block-media-text__content\">\n<p class=\"has-medium-font-size\">Je suis pharmacien sur la r\u00e9gion de Gen\u00e8ve, je suis passionn\u00e9 par le vivant et la nature. A cot\u00e9 de cela, avec ma femme nous sommes h\u00f4tes de divers appartements depuis 2016. <\/p>\n<\/div><\/div>\n\n\n\n<hr class=\"wp-block-separator has-alpha-channel-opacity\"\/>\n\n\n\n<div class=\"wp-block-media-text alignwide is-stacked-on-mobile\" style=\"grid-template-columns:17% auto\"><figure class=\"wp-block-media-text__media\"><img loading=\"lazy\" decoding=\"async\" width=\"1024\" height=\"1024\" src=\"https:\/\/embnb.com\/wp-content\/uploads\/2022\/11\/logo-menage-1-1024x1024.png\" alt=\"\" class=\"wp-image-376 size-full\" srcset=\"https:\/\/embnb.com\/wp-content\/uploads\/2022\/11\/logo-menage-1.png 1024w, https:\/\/embnb.com\/wp-content\/uploads\/2022\/11\/logo-menage-1-300x300.png 300w, https:\/\/embnb.com\/wp-content\/uploads\/2022\/11\/logo-menage-1-150x150.png 150w, https:\/\/embnb.com\/wp-content\/uploads\/2022\/11\/logo-menage-1-768x768.png 768w\" sizes=\"auto, (max-width: 1024px) 100vw, 1024px\" \/><\/figure><div class=\"wp-block-media-text__content\">\n<p class=\"has-medium-font-size\">Nous travaillons avec une \u00e9quipe de nettoyage ayant une grande exp\u00e9rience dans l&rsquo;h\u00f4tellerie afin de garantir une propret\u00e9 irr\u00e9prochable. Cet aspect est tr\u00e8s important pour nous.<\/p>\n<\/div><\/div>\n","protected":false},"excerpt":{"rendered":"<p>La soci\u00e9t\u00e9 EMbnb a pour but de proposer des biens meubl\u00e9s de grande qualit\u00e9 \u00e0 la fronti\u00e8re de Gen\u00e8ve pour le tourisme et les d\u00e9placements professionnels. EMbnb a \u00e9t\u00e9 fond\u00e9 par Eric et Maria qui pratiquent cette activit\u00e9 depuis 2016. Le nom signifie Eric &amp; Maria bed&rsquo;n&rsquo;breakfast, en effet, nous proposons un service d&rsquo;h\u00f4tellerie avec [&hellip;]<\/p>\n","protected":false},"author":4,"featured_media":0,"parent":0,"menu_order":0,"comment_status":"closed","ping_status":"open","template":"template-fullwidth.php","meta":{"footnotes":""},"class_list":["post-2","page","type-page","status-publish","hentry"],"_links":{"self":[{"href":"https:\/\/embnb.com\/index.php\/wp-json\/wp\/v2\/pages\/2","targetHints":{"allow":["GET"]}}],"collection":[{"href":"https:\/\/embnb.com\/index.php\/wp-json\/wp\/v2\/pages"}],"about":[{"href":"https:\/\/embnb.com\/index.php\/wp-json\/wp\/v2\/types\/page"}],"author":[{"embeddable":true,"href":"https:\/\/embnb.com\/index.php\/wp-json\/wp\/v2\/users\/4"}],"replies":[{"embeddable":true,"href":"https:\/\/embnb.com\/index.php\/wp-json\/wp\/v2\/comments?post=2"}],"version-history":[{"count":0,"href":"https:\/\/embnb.com\/index.php\/wp-json\/wp\/v2\/pages\/2\/revisions"}],"wp:attachment":[{"href":"https:\/\/embnb.com\/index.php\/wp-json\/wp\/v2\/media?parent=2"}],"curies":[{"name":"wp","href":"https:\/\/api.w.org\/{rel}","templated":true}]}}